{"id":8129,"date":"2021-12-29T22:51:27","date_gmt":"2021-12-29T21:51:26","guid":{"rendered":"https:\/\/zigozago.ch\/?post_type=product&#038;p=8129"},"modified":"2021-12-29T22:58:51","modified_gmt":"2021-12-29T21:58:51","slug":"laetzchen-australien","status":"publish","type":"product","link":"https:\/\/zigozago.ch\/de\/produkt\/laetzchen-australien\/","title":{"rendered":"L\u00e4tzchen australien"},"content":{"rendered":"<p>Handgemachtes besticktes L\u00e4tzchen f\u00fcr Babys mit einem T-Shirt in Form von Australien<br \/>\nAus weicher Frottee-Baumwolle, R\u00fcckseite aus 100% Baumwolle.<\/p>\n<p>Es kann mit dem Namen des Babys personalisiert werden.<\/p>\n<p>Ma\u00dfe 30 x 22 cm.<\/p>\n<p>Stoff und Design: Hergestellt in Italien<\/p>\n<p>Herstellung: Hergestellt in der Schweiz<\/p>\n","protected":false},"excerpt":{"rendered":"<p>Besticktes L\u00e4tzchen aus Frotteebaumwolle in Form eines australischen T-Shirts<\/p>\n","protected":false},"featured_media":7740,"comment_status":"closed","ping_status":"closed","template":"","meta":[],"product_brand":[],"product_cat":[88],"product_tag":[],"class_list":{"0":"post-8129","1":"product","2":"type-product","3":"status-publish","4":"has-post-thumbnail","6":"product_cat-laetzchen","7":"tm-has-options","9":"first","10":"instock","11":"taxable","12":"shipping-taxable","13":"purchasable","14":"product-type-simple"},"yoast_head":"<!-- This site is optimized with the Yoast SEO plugin v27.4 - https:\/\/yoast.com\/product\/yoast-seo-wordpress\/ -->\n<title>L\u00e4tzchen australien - ZigoZago<\/title>\n<meta name=\"robots\" content=\"noindex, follow, max-snippet:-1, max-image-preview:large, max-video-preview:-1\" \/>\n<meta property=\"og:locale\" content=\"de_DE\" \/>\n<meta property=\"og:type\" content=\"article\" \/>\n<meta property=\"og:title\" content=\"L\u00e4tzchen australien - ZigoZago\" \/>\n<meta property=\"og:description\" content=\"Besticktes L\u00e4tzchen aus Frotteebaumwolle in Form eines australischen T-Shirts\" \/>\n<meta property=\"og:url\" content=\"https:\/\/zigozago.ch\/de\/produkt\/laetzchen-australien\/\" \/>\n<meta property=\"og:site_name\" content=\"ZigoZago\" \/>\n<meta property=\"article:modified_time\" content=\"2021-12-29T21:58:51+00:00\" \/>\n<meta property=\"og:image\" content=\"https:\/\/zigozago.ch\/wp-content\/uploads\/2021\/12\/australia-copia.jpg\" \/>\n\t<meta property=\"og:image:width\" content=\"1000\" \/>\n\t<meta property=\"og:image:height\" content=\"1000\" \/>\n\t<meta property=\"og:image:type\" content=\"image\/jpeg\" \/>\n<meta name=\"twitter:card\" content=\"summary_large_image\" \/>\n<script type=\"application\/ld+json\" class=\"yoast-schema-graph\">{\"@context\":\"https:\\\/\\\/schema.org\",\"@graph\":[{\"@type\":\"WebPage\",\"@id\":\"https:\\\/\\\/zigozago.ch\\\/de\\\/produkt\\\/laetzchen-australien\\\/\",\"url\":\"https:\\\/\\\/zigozago.ch\\\/de\\\/produkt\\\/laetzchen-australien\\\/\",\"name\":\"L\u00e4tzchen australien - ZigoZago\",\"isPartOf\":{\"@id\":\"https:\\\/\\\/zigozago.ch\\\/#website\"},\"primaryImageOfPage\":{\"@id\":\"https:\\\/\\\/zigozago.ch\\\/de\\\/produkt\\\/laetzchen-australien\\\/#primaryimage\"},\"image\":{\"@id\":\"https:\\\/\\\/zigozago.ch\\\/de\\\/produkt\\\/laetzchen-australien\\\/#primaryimage\"},\"thumbnailUrl\":\"https:\\\/\\\/zigozago.ch\\\/wp-content\\\/uploads\\\/2021\\\/12\\\/australia-copia.jpg\",\"datePublished\":\"2021-12-29T21:51:26+00:00\",\"dateModified\":\"2021-12-29T21:58:51+00:00\",\"breadcrumb\":{\"@id\":\"https:\\\/\\\/zigozago.ch\\\/de\\\/produkt\\\/laetzchen-australien\\\/#breadcrumb\"},\"inLanguage\":\"de\",\"potentialAction\":[{\"@type\":\"ReadAction\",\"target\":[\"https:\\\/\\\/zigozago.ch\\\/de\\\/produkt\\\/laetzchen-australien\\\/\"]}]},{\"@type\":\"ImageObject\",\"inLanguage\":\"de\",\"@id\":\"https:\\\/\\\/zigozago.ch\\\/de\\\/produkt\\\/laetzchen-australien\\\/#primaryimage\",\"url\":\"https:\\\/\\\/zigozago.ch\\\/wp-content\\\/uploads\\\/2021\\\/12\\\/australia-copia.jpg\",\"contentUrl\":\"https:\\\/\\\/zigozago.ch\\\/wp-content\\\/uploads\\\/2021\\\/12\\\/australia-copia.jpg\",\"width\":1000,\"height\":1000,\"caption\":\"SONY DSC\"},{\"@type\":\"BreadcrumbList\",\"@id\":\"https:\\\/\\\/zigozago.ch\\\/de\\\/produkt\\\/laetzchen-australien\\\/#breadcrumb\",\"itemListElement\":[{\"@type\":\"ListItem\",\"position\":1,\"name\":\"Home\",\"item\":\"https:\\\/\\\/zigozago.ch\\\/de\\\/\"},{\"@type\":\"ListItem\",\"position\":2,\"name\":\"Laden\",\"item\":\"https:\\\/\\\/zigozago.ch\\\/de\\\/laden\\\/\"},{\"@type\":\"ListItem\",\"position\":3,\"name\":\"L\u00e4tzchen australien\"}]},{\"@type\":\"WebSite\",\"@id\":\"https:\\\/\\\/zigozago.ch\\\/#website\",\"url\":\"https:\\\/\\\/zigozago.ch\\\/\",\"name\":\"ZigoZago\",\"description\":\"Accessori unici e personalizzati per bambini\",\"potentialAction\":[{\"@type\":\"SearchAction\",\"target\":{\"@type\":\"EntryPoint\",\"urlTemplate\":\"https:\\\/\\\/zigozago.ch\\\/?s={search_term_string}\"},\"query-input\":{\"@type\":\"PropertyValueSpecification\",\"valueRequired\":true,\"valueName\":\"search_term_string\"}}],\"inLanguage\":\"de\"}]}<\/script>\n<!-- \/ Yoast SEO plugin. -->","yoast_head_json":{"title":"L\u00e4tzchen australien - ZigoZago","robots":{"index":"noindex","follow":"follow","max-snippet":"max-snippet:-1","max-image-preview":"max-image-preview:large","max-video-preview":"max-video-preview:-1"},"og_locale":"de_DE","og_type":"article","og_title":"L\u00e4tzchen australien - ZigoZago","og_description":"Besticktes L\u00e4tzchen aus Frotteebaumwolle in Form eines australischen T-Shirts","og_url":"https:\/\/zigozago.ch\/de\/produkt\/laetzchen-australien\/","og_site_name":"ZigoZago","article_modified_time":"2021-12-29T21:58:51+00:00","og_image":[{"width":1000,"height":1000,"url":"https:\/\/zigozago.ch\/wp-content\/uploads\/2021\/12\/australia-copia.jpg","type":"image\/jpeg"}],"twitter_card":"summary_large_image","schema":{"@context":"https:\/\/schema.org","@graph":[{"@type":"WebPage","@id":"https:\/\/zigozago.ch\/de\/produkt\/laetzchen-australien\/","url":"https:\/\/zigozago.ch\/de\/produkt\/laetzchen-australien\/","name":"L\u00e4tzchen australien - ZigoZago","isPartOf":{"@id":"https:\/\/zigozago.ch\/#website"},"primaryImageOfPage":{"@id":"https:\/\/zigozago.ch\/de\/produkt\/laetzchen-australien\/#primaryimage"},"image":{"@id":"https:\/\/zigozago.ch\/de\/produkt\/laetzchen-australien\/#primaryimage"},"thumbnailUrl":"https:\/\/zigozago.ch\/wp-content\/uploads\/2021\/12\/australia-copia.jpg","datePublished":"2021-12-29T21:51:26+00:00","dateModified":"2021-12-29T21:58:51+00:00","breadcrumb":{"@id":"https:\/\/zigozago.ch\/de\/produkt\/laetzchen-australien\/#breadcrumb"},"inLanguage":"de","potentialAction":[{"@type":"ReadAction","target":["https:\/\/zigozago.ch\/de\/produkt\/laetzchen-australien\/"]}]},{"@type":"ImageObject","inLanguage":"de","@id":"https:\/\/zigozago.ch\/de\/produkt\/laetzchen-australien\/#primaryimage","url":"https:\/\/zigozago.ch\/wp-content\/uploads\/2021\/12\/australia-copia.jpg","contentUrl":"https:\/\/zigozago.ch\/wp-content\/uploads\/2021\/12\/australia-copia.jpg","width":1000,"height":1000,"caption":"SONY DSC"},{"@type":"BreadcrumbList","@id":"https:\/\/zigozago.ch\/de\/produkt\/laetzchen-australien\/#breadcrumb","itemListElement":[{"@type":"ListItem","position":1,"name":"Home","item":"https:\/\/zigozago.ch\/de\/"},{"@type":"ListItem","position":2,"name":"Laden","item":"https:\/\/zigozago.ch\/de\/laden\/"},{"@type":"ListItem","position":3,"name":"L\u00e4tzchen australien"}]},{"@type":"WebSite","@id":"https:\/\/zigozago.ch\/#website","url":"https:\/\/zigozago.ch\/","name":"ZigoZago","description":"Accessori unici e personalizzati per bambini","potentialAction":[{"@type":"SearchAction","target":{"@type":"EntryPoint","urlTemplate":"https:\/\/zigozago.ch\/?s={search_term_string}"},"query-input":{"@type":"PropertyValueSpecification","valueRequired":true,"valueName":"search_term_string"}}],"inLanguage":"de"}]}},"_links":{"self":[{"href":"https:\/\/zigozago.ch\/de\/wp-json\/wp\/v2\/product\/8129","targetHints":{"allow":["GET"]}}],"collection":[{"href":"https:\/\/zigozago.ch\/de\/wp-json\/wp\/v2\/product"}],"about":[{"href":"https:\/\/zigozago.ch\/de\/wp-json\/wp\/v2\/types\/product"}],"replies":[{"embeddable":true,"href":"https:\/\/zigozago.ch\/de\/wp-json\/wp\/v2\/comments?post=8129"}],"wp:featuredmedia":[{"embeddable":true,"href":"https:\/\/zigozago.ch\/de\/wp-json\/wp\/v2\/media\/7740"}],"wp:attachment":[{"href":"https:\/\/zigozago.ch\/de\/wp-json\/wp\/v2\/media?parent=8129"}],"wp:term":[{"taxonomy":"product_brand","embeddable":true,"href":"https:\/\/zigozago.ch\/de\/wp-json\/wp\/v2\/product_brand?post=8129"},{"taxonomy":"product_cat","embeddable":true,"href":"https:\/\/zigozago.ch\/de\/wp-json\/wp\/v2\/product_cat?post=8129"},{"taxonomy":"product_tag","embeddable":true,"href":"https:\/\/zigozago.ch\/de\/wp-json\/wp\/v2\/product_tag?post=8129"}],"curies":[{"name":"wp","href":"https:\/\/api.w.org\/{rel}","templated":true}]}}