{"id":5175,"date":"2021-10-06T15:10:49","date_gmt":"2021-10-06T13:10:50","guid":{"rendered":"https:\/\/zigozago.ch\/?post_type=product&#038;p=5175"},"modified":"2021-10-08T09:34:10","modified_gmt":"2021-10-08T07:34:10","slug":"babymutze-juventus-streifen","status":"publish","type":"product","link":"https:\/\/zigozago.ch\/de\/produkt\/babymutze-juventus-streifen\/","title":{"rendered":"Babym\u00fctze mit schwarzen und wei\u00dfen Streifen"},"content":{"rendered":"<p>Handgefertigte Babym\u00fctze mit einem zentralen Knoten. Sie ist aus Baumwolle mit schwarz-wei\u00dfem Streifenmuster.<\/p>\n<p>Juventus Fu\u00dfballmannschaft<\/p>\n<p>Sie kann mit dem Namen des Babys personalisiert werden<\/p>\n<p>Stoff und Design: in Italien hergestellt<\/p>\n<p>Herstellung: In der Schweiz hergestellt<\/p>\n","protected":false},"excerpt":{"rendered":"<p>Handgefertigte Babym\u00fctze aus Baumwolle<\/p>\n","protected":false},"featured_media":5151,"comment_status":"closed","ping_status":"closed","template":"","meta":[],"product_brand":[],"product_cat":[85],"product_tag":[],"class_list":{"0":"post-5175","1":"product","2":"type-product","3":"status-publish","4":"has-post-thumbnail","6":"product_cat-muetzen","7":"pa_taglia-0-6-mesi-de","8":"pa_taglia-6-12-mesi-de","9":"tm-has-styled-variations","10":"tm-has-options","12":"first","13":"instock","14":"taxable","15":"shipping-taxable","16":"purchasable","17":"product-type-variable","18":"has-default-attributes"},"yoast_head":"<!-- This site is optimized with the Yoast SEO plugin v27.4 - https:\/\/yoast.com\/product\/yoast-seo-wordpress\/ -->\n<title>Babym\u00fctze mit schwarzen und wei\u00dfen Streifen - ZigoZago<\/title>\n<meta name=\"robots\" content=\"noindex, follow, max-snippet:-1, max-image-preview:large, max-video-preview:-1\" \/>\n<meta property=\"og:locale\" content=\"de_DE\" \/>\n<meta property=\"og:type\" content=\"article\" \/>\n<meta property=\"og:title\" content=\"Babym\u00fctze mit schwarzen und wei\u00dfen Streifen - ZigoZago\" \/>\n<meta property=\"og:description\" content=\"Handgefertigte Babym\u00fctze aus Baumwolle\" \/>\n<meta property=\"og:url\" content=\"https:\/\/zigozago.ch\/de\/produkt\/babymutze-juventus-streifen\/\" \/>\n<meta property=\"og:site_name\" content=\"ZigoZago\" \/>\n<meta property=\"article:modified_time\" content=\"2021-10-08T07:34:10+00:00\" \/>\n<meta property=\"og:image\" content=\"https:\/\/zigozago.ch\/wp-content\/uploads\/2021\/10\/cappello-juventus-righe-nome.jpg\" \/>\n\t<meta property=\"og:image:width\" content=\"1000\" \/>\n\t<meta property=\"og:image:height\" content=\"1000\" \/>\n\t<meta property=\"og:image:type\" content=\"image\/jpeg\" \/>\n<meta name=\"twitter:card\" content=\"summary_large_image\" \/>\n<script type=\"application\/ld+json\" class=\"yoast-schema-graph\">{\"@context\":\"https:\\\/\\\/schema.org\",\"@graph\":[{\"@type\":\"WebPage\",\"@id\":\"https:\\\/\\\/zigozago.ch\\\/de\\\/produkt\\\/babymutze-juventus-streifen\\\/\",\"url\":\"https:\\\/\\\/zigozago.ch\\\/de\\\/produkt\\\/babymutze-juventus-streifen\\\/\",\"name\":\"Babym\u00fctze mit schwarzen und wei\u00dfen Streifen - ZigoZago\",\"isPartOf\":{\"@id\":\"https:\\\/\\\/zigozago.ch\\\/#website\"},\"primaryImageOfPage\":{\"@id\":\"https:\\\/\\\/zigozago.ch\\\/de\\\/produkt\\\/babymutze-juventus-streifen\\\/#primaryimage\"},\"image\":{\"@id\":\"https:\\\/\\\/zigozago.ch\\\/de\\\/produkt\\\/babymutze-juventus-streifen\\\/#primaryimage\"},\"thumbnailUrl\":\"https:\\\/\\\/zigozago.ch\\\/wp-content\\\/uploads\\\/2021\\\/10\\\/cappello-juventus-righe-nome.jpg\",\"datePublished\":\"2021-10-06T13:10:50+00:00\",\"dateModified\":\"2021-10-08T07:34:10+00:00\",\"breadcrumb\":{\"@id\":\"https:\\\/\\\/zigozago.ch\\\/de\\\/produkt\\\/babymutze-juventus-streifen\\\/#breadcrumb\"},\"inLanguage\":\"de\",\"potentialAction\":[{\"@type\":\"ReadAction\",\"target\":[\"https:\\\/\\\/zigozago.ch\\\/de\\\/produkt\\\/babymutze-juventus-streifen\\\/\"]}]},{\"@type\":\"ImageObject\",\"inLanguage\":\"de\",\"@id\":\"https:\\\/\\\/zigozago.ch\\\/de\\\/produkt\\\/babymutze-juventus-streifen\\\/#primaryimage\",\"url\":\"https:\\\/\\\/zigozago.ch\\\/wp-content\\\/uploads\\\/2021\\\/10\\\/cappello-juventus-righe-nome.jpg\",\"contentUrl\":\"https:\\\/\\\/zigozago.ch\\\/wp-content\\\/uploads\\\/2021\\\/10\\\/cappello-juventus-righe-nome.jpg\",\"width\":1000,\"height\":1000},{\"@type\":\"BreadcrumbList\",\"@id\":\"https:\\\/\\\/zigozago.ch\\\/de\\\/produkt\\\/babymutze-juventus-streifen\\\/#breadcrumb\",\"itemListElement\":[{\"@type\":\"ListItem\",\"position\":1,\"name\":\"Home\",\"item\":\"https:\\\/\\\/zigozago.ch\\\/de\\\/\"},{\"@type\":\"ListItem\",\"position\":2,\"name\":\"Laden\",\"item\":\"https:\\\/\\\/zigozago.ch\\\/de\\\/laden\\\/\"},{\"@type\":\"ListItem\",\"position\":3,\"name\":\"Babym\u00fctze mit schwarzen und wei\u00dfen Streifen\"}]},{\"@type\":\"WebSite\",\"@id\":\"https:\\\/\\\/zigozago.ch\\\/#website\",\"url\":\"https:\\\/\\\/zigozago.ch\\\/\",\"name\":\"ZigoZago\",\"description\":\"Accessori unici e personalizzati per bambini\",\"potentialAction\":[{\"@type\":\"SearchAction\",\"target\":{\"@type\":\"EntryPoint\",\"urlTemplate\":\"https:\\\/\\\/zigozago.ch\\\/?s={search_term_string}\"},\"query-input\":{\"@type\":\"PropertyValueSpecification\",\"valueRequired\":true,\"valueName\":\"search_term_string\"}}],\"inLanguage\":\"de\"}]}<\/script>\n<!-- \/ Yoast SEO plugin. -->","yoast_head_json":{"title":"Babym\u00fctze mit schwarzen und wei\u00dfen Streifen - ZigoZago","robots":{"index":"noindex","follow":"follow","max-snippet":"max-snippet:-1","max-image-preview":"max-image-preview:large","max-video-preview":"max-video-preview:-1"},"og_locale":"de_DE","og_type":"article","og_title":"Babym\u00fctze mit schwarzen und wei\u00dfen Streifen - ZigoZago","og_description":"Handgefertigte Babym\u00fctze aus Baumwolle","og_url":"https:\/\/zigozago.ch\/de\/produkt\/babymutze-juventus-streifen\/","og_site_name":"ZigoZago","article_modified_time":"2021-10-08T07:34:10+00:00","og_image":[{"width":1000,"height":1000,"url":"https:\/\/zigozago.ch\/wp-content\/uploads\/2021\/10\/cappello-juventus-righe-nome.jpg","type":"image\/jpeg"}],"twitter_card":"summary_large_image","schema":{"@context":"https:\/\/schema.org","@graph":[{"@type":"WebPage","@id":"https:\/\/zigozago.ch\/de\/produkt\/babymutze-juventus-streifen\/","url":"https:\/\/zigozago.ch\/de\/produkt\/babymutze-juventus-streifen\/","name":"Babym\u00fctze mit schwarzen und wei\u00dfen Streifen - ZigoZago","isPartOf":{"@id":"https:\/\/zigozago.ch\/#website"},"primaryImageOfPage":{"@id":"https:\/\/zigozago.ch\/de\/produkt\/babymutze-juventus-streifen\/#primaryimage"},"image":{"@id":"https:\/\/zigozago.ch\/de\/produkt\/babymutze-juventus-streifen\/#primaryimage"},"thumbnailUrl":"https:\/\/zigozago.ch\/wp-content\/uploads\/2021\/10\/cappello-juventus-righe-nome.jpg","datePublished":"2021-10-06T13:10:50+00:00","dateModified":"2021-10-08T07:34:10+00:00","breadcrumb":{"@id":"https:\/\/zigozago.ch\/de\/produkt\/babymutze-juventus-streifen\/#breadcrumb"},"inLanguage":"de","potentialAction":[{"@type":"ReadAction","target":["https:\/\/zigozago.ch\/de\/produkt\/babymutze-juventus-streifen\/"]}]},{"@type":"ImageObject","inLanguage":"de","@id":"https:\/\/zigozago.ch\/de\/produkt\/babymutze-juventus-streifen\/#primaryimage","url":"https:\/\/zigozago.ch\/wp-content\/uploads\/2021\/10\/cappello-juventus-righe-nome.jpg","contentUrl":"https:\/\/zigozago.ch\/wp-content\/uploads\/2021\/10\/cappello-juventus-righe-nome.jpg","width":1000,"height":1000},{"@type":"BreadcrumbList","@id":"https:\/\/zigozago.ch\/de\/produkt\/babymutze-juventus-streifen\/#breadcrumb","itemListElement":[{"@type":"ListItem","position":1,"name":"Home","item":"https:\/\/zigozago.ch\/de\/"},{"@type":"ListItem","position":2,"name":"Laden","item":"https:\/\/zigozago.ch\/de\/laden\/"},{"@type":"ListItem","position":3,"name":"Babym\u00fctze mit schwarzen und wei\u00dfen Streifen"}]},{"@type":"WebSite","@id":"https:\/\/zigozago.ch\/#website","url":"https:\/\/zigozago.ch\/","name":"ZigoZago","description":"Accessori unici e personalizzati per bambini","potentialAction":[{"@type":"SearchAction","target":{"@type":"EntryPoint","urlTemplate":"https:\/\/zigozago.ch\/?s={search_term_string}"},"query-input":{"@type":"PropertyValueSpecification","valueRequired":true,"valueName":"search_term_string"}}],"inLanguage":"de"}]}},"_links":{"self":[{"href":"https:\/\/zigozago.ch\/de\/wp-json\/wp\/v2\/product\/5175","targetHints":{"allow":["GET"]}}],"collection":[{"href":"https:\/\/zigozago.ch\/de\/wp-json\/wp\/v2\/product"}],"about":[{"href":"https:\/\/zigozago.ch\/de\/wp-json\/wp\/v2\/types\/product"}],"replies":[{"embeddable":true,"href":"https:\/\/zigozago.ch\/de\/wp-json\/wp\/v2\/comments?post=5175"}],"wp:featuredmedia":[{"embeddable":true,"href":"https:\/\/zigozago.ch\/de\/wp-json\/wp\/v2\/media\/5151"}],"wp:attachment":[{"href":"https:\/\/zigozago.ch\/de\/wp-json\/wp\/v2\/media?parent=5175"}],"wp:term":[{"taxonomy":"product_brand","embeddable":true,"href":"https:\/\/zigozago.ch\/de\/wp-json\/wp\/v2\/product_brand?post=5175"},{"taxonomy":"product_cat","embeddable":true,"href":"https:\/\/zigozago.ch\/de\/wp-json\/wp\/v2\/product_cat?post=5175"},{"taxonomy":"product_tag","embeddable":true,"href":"https:\/\/zigozago.ch\/de\/wp-json\/wp\/v2\/product_tag?post=5175"}],"curies":[{"name":"wp","href":"https:\/\/api.w.org\/{rel}","templated":true}]}}