{"id":11321,"date":"2022-02-27T22:38:36","date_gmt":"2022-02-27T21:38:35","guid":{"rendered":"https:\/\/zigozago.ch\/?post_type=product&#038;p=11321"},"modified":"2022-02-27T22:45:01","modified_gmt":"2022-02-27T21:45:01","slug":"babytragetasche-mit-kapuze-biene","status":"publish","type":"product","link":"https:\/\/zigozago.ch\/de\/produkt\/babytragetasche-mit-kapuze-biene\/","title":{"rendered":"Babytragetasche Biene mit Kapuze"},"content":{"rendered":"<p>Bienenf\u00f6rmige, gepolsterte Babytasche aus Baumwolle f\u00fcr das Kinderbett oder den Kinderwagen, die seitlich mit einem Rei\u00dfverschluss ge\u00f6ffnet werden kann. Die Kapuze hat einen Klettverschluss.<\/p>\n<p>Er kann mit dem Namen des Babys personalisiert werden.<\/p>\n<p>Gr\u00f6\u00dfe: 80<br \/>\nStoff und Design: Hergestellt in Italien<br \/>\nHerstellung: Schweizer Herstellung<\/p>\n","protected":false},"excerpt":{"rendered":"<p>Gepolsterte Babytasche f\u00fcr das Kinderbett oder den Kinderwagen in Bienenform<\/p>\n","protected":false},"featured_media":11262,"comment_status":"open","ping_status":"closed","template":"","meta":[],"product_brand":[],"product_cat":[90],"product_tag":[],"class_list":{"0":"post-11321","1":"product","2":"type-product","3":"status-publish","4":"has-post-thumbnail","6":"product_cat-zubehoer","7":"tm-has-styled-variations","8":"tm-has-options","10":"first","11":"instock","12":"taxable","13":"shipping-taxable","14":"purchasable","15":"product-type-simple"},"yoast_head":"<!-- This site is optimized with the Yoast SEO plugin v27.4 - https:\/\/yoast.com\/product\/yoast-seo-wordpress\/ -->\n<title>Babytragetasche Biene mit Kapuze - ZigoZago<\/title>\n<meta name=\"robots\" content=\"noindex, follow, max-snippet:-1, max-image-preview:large, max-video-preview:-1\" \/>\n<meta property=\"og:locale\" content=\"de_DE\" \/>\n<meta property=\"og:type\" content=\"article\" \/>\n<meta property=\"og:title\" content=\"Babytragetasche Biene mit Kapuze - ZigoZago\" \/>\n<meta property=\"og:description\" content=\"Gepolsterte Babytasche f\u00fcr das Kinderbett oder den Kinderwagen in Bienenform\" \/>\n<meta property=\"og:url\" content=\"https:\/\/zigozago.ch\/de\/produkt\/babytragetasche-mit-kapuze-biene\/\" \/>\n<meta property=\"og:site_name\" content=\"ZigoZago\" \/>\n<meta property=\"article:modified_time\" content=\"2022-02-27T21:45:01+00:00\" \/>\n<meta property=\"og:image\" content=\"https:\/\/zigozago.ch\/wp-content\/uploads\/2022\/02\/portabebe-ape.jpg\" \/>\n\t<meta property=\"og:image:width\" content=\"1000\" \/>\n\t<meta property=\"og:image:height\" content=\"1000\" \/>\n\t<meta property=\"og:image:type\" content=\"image\/jpeg\" \/>\n<meta name=\"twitter:card\" content=\"summary_large_image\" \/>\n<script type=\"application\/ld+json\" class=\"yoast-schema-graph\">{\"@context\":\"https:\\\/\\\/schema.org\",\"@graph\":[{\"@type\":\"WebPage\",\"@id\":\"https:\\\/\\\/zigozago.ch\\\/de\\\/produkt\\\/babytragetasche-mit-kapuze-biene\\\/\",\"url\":\"https:\\\/\\\/zigozago.ch\\\/de\\\/produkt\\\/babytragetasche-mit-kapuze-biene\\\/\",\"name\":\"Babytragetasche Biene mit Kapuze - ZigoZago\",\"isPartOf\":{\"@id\":\"https:\\\/\\\/zigozago.ch\\\/#website\"},\"primaryImageOfPage\":{\"@id\":\"https:\\\/\\\/zigozago.ch\\\/de\\\/produkt\\\/babytragetasche-mit-kapuze-biene\\\/#primaryimage\"},\"image\":{\"@id\":\"https:\\\/\\\/zigozago.ch\\\/de\\\/produkt\\\/babytragetasche-mit-kapuze-biene\\\/#primaryimage\"},\"thumbnailUrl\":\"https:\\\/\\\/zigozago.ch\\\/wp-content\\\/uploads\\\/2022\\\/02\\\/portabebe-ape.jpg\",\"datePublished\":\"2022-02-27T21:38:35+00:00\",\"dateModified\":\"2022-02-27T21:45:01+00:00\",\"breadcrumb\":{\"@id\":\"https:\\\/\\\/zigozago.ch\\\/de\\\/produkt\\\/babytragetasche-mit-kapuze-biene\\\/#breadcrumb\"},\"inLanguage\":\"de\",\"potentialAction\":[{\"@type\":\"ReadAction\",\"target\":[\"https:\\\/\\\/zigozago.ch\\\/de\\\/produkt\\\/babytragetasche-mit-kapuze-biene\\\/\"]}]},{\"@type\":\"ImageObject\",\"inLanguage\":\"de\",\"@id\":\"https:\\\/\\\/zigozago.ch\\\/de\\\/produkt\\\/babytragetasche-mit-kapuze-biene\\\/#primaryimage\",\"url\":\"https:\\\/\\\/zigozago.ch\\\/wp-content\\\/uploads\\\/2022\\\/02\\\/portabebe-ape.jpg\",\"contentUrl\":\"https:\\\/\\\/zigozago.ch\\\/wp-content\\\/uploads\\\/2022\\\/02\\\/portabebe-ape.jpg\",\"width\":1000,\"height\":1000},{\"@type\":\"BreadcrumbList\",\"@id\":\"https:\\\/\\\/zigozago.ch\\\/de\\\/produkt\\\/babytragetasche-mit-kapuze-biene\\\/#breadcrumb\",\"itemListElement\":[{\"@type\":\"ListItem\",\"position\":1,\"name\":\"Home\",\"item\":\"https:\\\/\\\/zigozago.ch\\\/de\\\/\"},{\"@type\":\"ListItem\",\"position\":2,\"name\":\"Laden\",\"item\":\"https:\\\/\\\/zigozago.ch\\\/de\\\/laden\\\/\"},{\"@type\":\"ListItem\",\"position\":3,\"name\":\"Babytragetasche Biene mit Kapuze\"}]},{\"@type\":\"WebSite\",\"@id\":\"https:\\\/\\\/zigozago.ch\\\/#website\",\"url\":\"https:\\\/\\\/zigozago.ch\\\/\",\"name\":\"ZigoZago\",\"description\":\"Accessori unici e personalizzati per bambini\",\"potentialAction\":[{\"@type\":\"SearchAction\",\"target\":{\"@type\":\"EntryPoint\",\"urlTemplate\":\"https:\\\/\\\/zigozago.ch\\\/?s={search_term_string}\"},\"query-input\":{\"@type\":\"PropertyValueSpecification\",\"valueRequired\":true,\"valueName\":\"search_term_string\"}}],\"inLanguage\":\"de\"}]}<\/script>\n<!-- \/ Yoast SEO plugin. -->","yoast_head_json":{"title":"Babytragetasche Biene mit Kapuze - ZigoZago","robots":{"index":"noindex","follow":"follow","max-snippet":"max-snippet:-1","max-image-preview":"max-image-preview:large","max-video-preview":"max-video-preview:-1"},"og_locale":"de_DE","og_type":"article","og_title":"Babytragetasche Biene mit Kapuze - ZigoZago","og_description":"Gepolsterte Babytasche f\u00fcr das Kinderbett oder den Kinderwagen in Bienenform","og_url":"https:\/\/zigozago.ch\/de\/produkt\/babytragetasche-mit-kapuze-biene\/","og_site_name":"ZigoZago","article_modified_time":"2022-02-27T21:45:01+00:00","og_image":[{"width":1000,"height":1000,"url":"https:\/\/zigozago.ch\/wp-content\/uploads\/2022\/02\/portabebe-ape.jpg","type":"image\/jpeg"}],"twitter_card":"summary_large_image","schema":{"@context":"https:\/\/schema.org","@graph":[{"@type":"WebPage","@id":"https:\/\/zigozago.ch\/de\/produkt\/babytragetasche-mit-kapuze-biene\/","url":"https:\/\/zigozago.ch\/de\/produkt\/babytragetasche-mit-kapuze-biene\/","name":"Babytragetasche Biene mit Kapuze - ZigoZago","isPartOf":{"@id":"https:\/\/zigozago.ch\/#website"},"primaryImageOfPage":{"@id":"https:\/\/zigozago.ch\/de\/produkt\/babytragetasche-mit-kapuze-biene\/#primaryimage"},"image":{"@id":"https:\/\/zigozago.ch\/de\/produkt\/babytragetasche-mit-kapuze-biene\/#primaryimage"},"thumbnailUrl":"https:\/\/zigozago.ch\/wp-content\/uploads\/2022\/02\/portabebe-ape.jpg","datePublished":"2022-02-27T21:38:35+00:00","dateModified":"2022-02-27T21:45:01+00:00","breadcrumb":{"@id":"https:\/\/zigozago.ch\/de\/produkt\/babytragetasche-mit-kapuze-biene\/#breadcrumb"},"inLanguage":"de","potentialAction":[{"@type":"ReadAction","target":["https:\/\/zigozago.ch\/de\/produkt\/babytragetasche-mit-kapuze-biene\/"]}]},{"@type":"ImageObject","inLanguage":"de","@id":"https:\/\/zigozago.ch\/de\/produkt\/babytragetasche-mit-kapuze-biene\/#primaryimage","url":"https:\/\/zigozago.ch\/wp-content\/uploads\/2022\/02\/portabebe-ape.jpg","contentUrl":"https:\/\/zigozago.ch\/wp-content\/uploads\/2022\/02\/portabebe-ape.jpg","width":1000,"height":1000},{"@type":"BreadcrumbList","@id":"https:\/\/zigozago.ch\/de\/produkt\/babytragetasche-mit-kapuze-biene\/#breadcrumb","itemListElement":[{"@type":"ListItem","position":1,"name":"Home","item":"https:\/\/zigozago.ch\/de\/"},{"@type":"ListItem","position":2,"name":"Laden","item":"https:\/\/zigozago.ch\/de\/laden\/"},{"@type":"ListItem","position":3,"name":"Babytragetasche Biene mit Kapuze"}]},{"@type":"WebSite","@id":"https:\/\/zigozago.ch\/#website","url":"https:\/\/zigozago.ch\/","name":"ZigoZago","description":"Accessori unici e personalizzati per bambini","potentialAction":[{"@type":"SearchAction","target":{"@type":"EntryPoint","urlTemplate":"https:\/\/zigozago.ch\/?s={search_term_string}"},"query-input":{"@type":"PropertyValueSpecification","valueRequired":true,"valueName":"search_term_string"}}],"inLanguage":"de"}]}},"_links":{"self":[{"href":"https:\/\/zigozago.ch\/de\/wp-json\/wp\/v2\/product\/11321","targetHints":{"allow":["GET"]}}],"collection":[{"href":"https:\/\/zigozago.ch\/de\/wp-json\/wp\/v2\/product"}],"about":[{"href":"https:\/\/zigozago.ch\/de\/wp-json\/wp\/v2\/types\/product"}],"replies":[{"embeddable":true,"href":"https:\/\/zigozago.ch\/de\/wp-json\/wp\/v2\/comments?post=11321"}],"wp:featuredmedia":[{"embeddable":true,"href":"https:\/\/zigozago.ch\/de\/wp-json\/wp\/v2\/media\/11262"}],"wp:attachment":[{"href":"https:\/\/zigozago.ch\/de\/wp-json\/wp\/v2\/media?parent=11321"}],"wp:term":[{"taxonomy":"product_brand","embeddable":true,"href":"https:\/\/zigozago.ch\/de\/wp-json\/wp\/v2\/product_brand?post=11321"},{"taxonomy":"product_cat","embeddable":true,"href":"https:\/\/zigozago.ch\/de\/wp-json\/wp\/v2\/product_cat?post=11321"},{"taxonomy":"product_tag","embeddable":true,"href":"https:\/\/zigozago.ch\/de\/wp-json\/wp\/v2\/product_tag?post=11321"}],"curies":[{"name":"wp","href":"https:\/\/api.w.org\/{rel}","templated":true}]}}